{"id":11,"date":"2026-03-29T18:50:03","date_gmt":"2026-03-29T16:50:03","guid":{"rendered":"http:\/\/192.168.1.44\/ibo\/index.php\/evler\/"},"modified":"2026-03-29T18:50:03","modified_gmt":"2026-03-29T16:50:03","slug":"evler","status":"publish","type":"page","link":"https:\/\/ibo.livingmind.de\/index.php\/evler\/","title":{"rendered":"Evler"},"content":{"rendered":"\t\t<div data-elementor-type=\"wp-page\" data-elementor-id=\"11\" class=\"elementor elementor-11\">\n\t\t\t\t<div class=\"elementor-element elementor-element-892ef888 e-con-full e-flex e-con e-parent\" data-id=\"892ef888\" data-element_type=\"container\" data-e-type=\"container\">\n\t\t\t\t<div class=\"elementor-element elementor-element-40e58348 elementor-widget elementor-widget-ibo-page-hero\" data-id=\"40e58348\" data-element_type=\"widget\" data-e-type=\"widget\" data-widget_type=\"ibo-page-hero.default\">\n\t\t\t\t<div class=\"elementor-widget-container\">\n\t\t\t\t\t<section class=\"page-hero\"><div class=\"site-shell page-hero__grid\"><div class=\"page-hero__media panel\"><img decoding=\"async\" src=\"\/wp-content\/uploads\/legacy-media\/theme\/images\/002.jpg\" alt=\"Evler\"><\/div><div class=\"page-hero__panel panel\"><h1>Evler<\/h1><p>K\u00f6y evlerinden ve yerle\u015fimden g\u00f6r\u00fcnt\u00fcler bu sayfada yer al\u0131r.<\/p><\/div><\/div><\/section>\t\t\t\t<\/div>\n\t\t\t\t<\/div>\n\t\t\t\t<div class=\"elementor-element elementor-element-224592a9 elementor-widget elementor-widget-ibo-localized-copy\" data-id=\"224592a9\" data-element_type=\"widget\" data-e-type=\"widget\" data-widget_type=\"ibo-localized-copy.default\">\n\t\t\t\t<div class=\"elementor-widget-container\">\n\t\t\t\t\t<section class=\"site-shell section-block\"><article class=\"panel prose\"><h2>Evler<\/h2><p>K\u00f6y evlerinden ve yerle\u015fimden g\u00f6r\u00fcnt\u00fcler bu sayfada yer al\u0131r.<\/p>\r\n<p>Eski evler, avlular ve g\u00fcnl\u00fck hayat\u0131n izleri burada bir aradad\u0131r.<\/p><\/article><\/section>\t\t\t\t<\/div>\n\t\t\t\t<\/div>\n\t\t\t\t<div class=\"elementor-element elementor-element-51981e49 elementor-widget elementor-widget-ibo-media-gallery\" data-id=\"51981e49\" data-element_type=\"widget\" data-e-type=\"widget\" data-widget_type=\"ibo-media-gallery.default\">\n\t\t\t\t<div class=\"elementor-widget-container\">\n\t\t\t\t\t<section class=\"site-shell section-block\"><div class=\"panel media-gallery\"><div class=\"media-gallery__header\"><h2>Koy Evleri<\/h2><p>Evler sayfasinda gorunen tum ev fotograflari burada yer alir.<\/p><\/div><div class=\"media-gallery__grid media-gallery__grid--grid\"><figure class=\"media-gallery__item\"><a class=\"media-gallery__link\" href=\"\/wp-content\/uploads\/legacy-media\/site\/Evler\/001.jpg\"><img decoding=\"async\" src=\"\/wp-content\/uploads\/legacy-media\/site\/Evler\/001.jpg\" alt=\"Koy Evleri\"><\/a><\/figure><figure class=\"media-gallery__item\"><a class=\"media-gallery__link\" href=\"\/wp-content\/uploads\/legacy-media\/site\/Evler\/002.jpg\"><img decoding=\"async\" src=\"\/wp-content\/uploads\/legacy-media\/site\/Evler\/002.jpg\" alt=\"Koy Evleri\"><\/a><\/figure><figure class=\"media-gallery__item\"><a class=\"media-gallery__link\" href=\"\/wp-content\/uploads\/legacy-media\/site\/Evler\/003.jpg\"><img decoding=\"async\" src=\"\/wp-content\/uploads\/legacy-media\/site\/Evler\/003.jpg\" alt=\"Koy Evleri\"><\/a><\/figure><figure class=\"media-gallery__item\"><a class=\"media-gallery__link\" href=\"\/wp-content\/uploads\/legacy-media\/site\/Evler\/004.jpg\"><img decoding=\"async\" src=\"\/wp-content\/uploads\/legacy-media\/site\/Evler\/004.jpg\" alt=\"Koy Evleri\"><\/a><\/figure><figure class=\"media-gallery__item\"><a class=\"media-gallery__link\" href=\"\/wp-content\/uploads\/legacy-media\/site\/Evler\/005.jpg\"><img decoding=\"async\" src=\"\/wp-content\/uploads\/legacy-media\/site\/Evler\/005.jpg\" alt=\"Koy Evleri\"><\/a><\/figure><figure class=\"media-gallery__item\"><a class=\"media-gallery__link\" href=\"\/wp-content\/uploads\/legacy-media\/site\/Evler\/006.jpg\"><img decoding=\"async\" src=\"\/wp-content\/uploads\/legacy-media\/site\/Evler\/006.jpg\" alt=\"Koy Evleri\"><\/a><\/figure><figure class=\"media-gallery__item\"><a class=\"media-gallery__link\" href=\"\/wp-content\/uploads\/legacy-media\/site\/Evler\/007.jpg\"><img decoding=\"async\" src=\"\/wp-content\/uploads\/legacy-media\/site\/Evler\/007.jpg\" alt=\"Koy Evleri\"><\/a><\/figure><figure class=\"media-gallery__item\"><a class=\"media-gallery__link\" href=\"\/wp-content\/uploads\/legacy-media\/site\/Evler\/008.jpg\"><img decoding=\"async\" src=\"\/wp-content\/uploads\/legacy-media\/site\/Evler\/008.jpg\" alt=\"Koy Evleri\"><\/a><\/figure><figure class=\"media-gallery__item\"><a class=\"media-gallery__link\" href=\"\/wp-content\/uploads\/legacy-media\/site\/Evler\/009.jpg\"><img decoding=\"async\" src=\"\/wp-content\/uploads\/legacy-media\/site\/Evler\/009.jpg\" alt=\"Koy Evleri\"><\/a><\/figure><figure class=\"media-gallery__item\"><a class=\"media-gallery__link\" href=\"\/wp-content\/uploads\/legacy-media\/site\/Evler\/010.jpg\"><img decoding=\"async\" src=\"\/wp-content\/uploads\/legacy-media\/site\/Evler\/010.jpg\" alt=\"Koy Evleri\"><\/a><\/figure><\/div><\/div><\/section>\t\t\t\t<\/div>\n\t\t\t\t<\/div>\n\t\t\t\t<div class=\"elementor-element elementor-element-e69f8fdf elementor-widget elementor-widget-ibo-media-gallery\" data-id=\"e69f8fdf\" data-element_type=\"widget\" data-e-type=\"widget\" data-widget_type=\"ibo-media-gallery.default\">\n\t\t\t\t<div class=\"elementor-widget-container\">\n\t\t\t\t\t<section class=\"site-shell section-block\"><div class=\"panel media-gallery\"><div class=\"media-gallery__header\"><h2>Ev Ayrintilari<\/h2><p>Ayri verilmis ev goruntuleri de burada korunur.<\/p><\/div><div class=\"media-gallery__grid media-gallery__grid--grid\"><figure class=\"media-gallery__item\"><a class=\"media-gallery__link\" href=\"\/wp-content\/uploads\/legacy-media\/site\/Ev\/002.jpg\"><img decoding=\"async\" src=\"\/wp-content\/uploads\/legacy-media\/site\/Ev\/002.jpg\" alt=\"Ev Ayrintilari\"><\/a><\/figure><figure class=\"media-gallery__item\"><a class=\"media-gallery__link\" href=\"\/wp-content\/uploads\/legacy-media\/site\/Ev\/005.jpg\"><img decoding=\"async\" src=\"\/wp-content\/uploads\/legacy-media\/site\/Ev\/005.jpg\" alt=\"Ev Ayrintilari\"><\/a><\/figure><figure class=\"media-gallery__item\"><a class=\"media-gallery__link\" href=\"\/wp-content\/uploads\/legacy-media\/site\/Ev\/006.jpg\"><img decoding=\"async\" src=\"\/wp-content\/uploads\/legacy-media\/site\/Ev\/006.jpg\" alt=\"Ev Ayrintilari\"><\/a><\/figure><figure class=\"media-gallery__item\"><a class=\"media-gallery__link\" href=\"\/wp-content\/uploads\/legacy-media\/site\/Ev\/007.jpg\"><img decoding=\"async\" src=\"\/wp-content\/uploads\/legacy-media\/site\/Ev\/007.jpg\" alt=\"Ev Ayrintilari\"><\/a><\/figure><\/div><\/div><\/section>\t\t\t\t<\/div>\n\t\t\t\t<\/div>\n\t\t\t\t<\/div>\n\t\t\t\t<\/div>\n\t\t","protected":false},"excerpt":{"rendered":"<p>K\u00f6y evlerinden ve yerle\u015fimden g\u00f6r\u00fcnt\u00fcler bu sayfada yer al\u0131r.<\/p>\n","protected":false},"author":1,"featured_media":0,"parent":0,"menu_order":0,"comment_status":"closed","ping_status":"closed","template":"template-elementor.php","meta":{"footnotes":""},"class_list":["post-11","page","type-page","status-publish","hentry"],"_links":{"self":[{"href":"https:\/\/ibo.livingmind.de\/index.php\/wp-json\/wp\/v2\/pages\/11","targetHints":{"allow":["GET"]}}],"collection":[{"href":"https:\/\/ibo.livingmind.de\/index.php\/wp-json\/wp\/v2\/pages"}],"about":[{"href":"https:\/\/ibo.livingmind.de\/index.php\/wp-json\/wp\/v2\/types\/page"}],"author":[{"embeddable":true,"href":"https:\/\/ibo.livingmind.de\/index.php\/wp-json\/wp\/v2\/users\/1"}],"replies":[{"embeddable":true,"href":"https:\/\/ibo.livingmind.de\/index.php\/wp-json\/wp\/v2\/comments?post=11"}],"version-history":[{"count":5,"href":"https:\/\/ibo.livingmind.de\/index.php\/wp-json\/wp\/v2\/pages\/11\/revisions"}],"predecessor-version":[{"id":1201,"href":"https:\/\/ibo.livingmind.de\/index.php\/wp-json\/wp\/v2\/pages\/11\/revisions\/1201"}],"wp:attachment":[{"href":"https:\/\/ibo.livingmind.de\/index.php\/wp-json\/wp\/v2\/media?parent=11"}],"curies":[{"name":"wp","href":"https:\/\/api.w.org\/{rel}","templated":true}]}}