{"id":12,"date":"2026-03-29T18:50:03","date_gmt":"2026-03-29T16:50:03","guid":{"rendered":"http:\/\/192.168.1.44\/ibo\/index.php\/okul\/"},"modified":"2026-03-29T18:50:03","modified_gmt":"2026-03-29T16:50:03","slug":"okul","status":"publish","type":"page","link":"https:\/\/ibo.livingmind.de\/index.php\/okul\/","title":{"rendered":"Okul"},"content":{"rendered":"\t\t<div data-elementor-type=\"wp-page\" data-elementor-id=\"12\" class=\"elementor elementor-12\">\n\t\t\t\t<div class=\"elementor-element elementor-element-5a50f7f1 e-con-full e-flex e-con e-parent\" data-id=\"5a50f7f1\" data-element_type=\"container\" data-e-type=\"container\">\n\t\t\t\t<div class=\"elementor-element elementor-element-39dfd54c elementor-widget elementor-widget-ibo-page-hero\" data-id=\"39dfd54c\" data-element_type=\"widget\" data-e-type=\"widget\" data-widget_type=\"ibo-page-hero.default\">\n\t\t\t\t<div class=\"elementor-widget-container\">\n\t\t\t\t\t<section class=\"page-hero\"><div class=\"site-shell page-hero__grid\"><div class=\"page-hero__media panel\"><img decoding=\"async\" src=\"\/wp-content\/uploads\/legacy-media\/theme\/images\/Korkut.jpg\" alt=\"Okul\"><\/div><div class=\"page-hero__panel panel\"><h1>Okul<\/h1><p>Okuldan ve okul \u00e7evresinden g\u00f6r\u00fcnt\u00fcler bu sayfada toplan\u0131r.<\/p><\/div><\/div><\/section>\t\t\t\t<\/div>\n\t\t\t\t<\/div>\n\t\t\t\t<div class=\"elementor-element elementor-element-684defb1 elementor-widget elementor-widget-ibo-localized-copy\" data-id=\"684defb1\" data-element_type=\"widget\" data-e-type=\"widget\" data-widget_type=\"ibo-localized-copy.default\">\n\t\t\t\t<div class=\"elementor-widget-container\">\n\t\t\t\t\t<section class=\"site-shell section-block\"><article class=\"panel prose\"><h2>Okul<\/h2><p>Okuldan ve okul \u00e7evresinden g\u00f6r\u00fcnt\u00fcler bu sayfada toplan\u0131r.<\/p>\r\n<p>\u00c7ocukluk g\u00fcnlerinden kalan hat\u0131ralar burada bir araya gelir.<\/p><\/article><\/section>\t\t\t\t<\/div>\n\t\t\t\t<\/div>\n\t\t\t\t<div class=\"elementor-element elementor-element-0dc5a9fb elementor-widget elementor-widget-ibo-media-gallery\" data-id=\"0dc5a9fb\" data-element_type=\"widget\" data-e-type=\"widget\" data-widget_type=\"ibo-media-gallery.default\">\n\t\t\t\t<div class=\"elementor-widget-container\">\n\t\t\t\t\t<section class=\"site-shell section-block\"><div class=\"panel media-gallery\"><div class=\"media-gallery__header\"><h2>Okuldan Kareler<\/h2><p>Okul ve cevresinden kalan gorseller bu bolume eklendi.<\/p><\/div><div class=\"media-gallery__grid media-gallery__grid--stack\"><figure class=\"media-gallery__item\"><a class=\"media-gallery__link\" href=\"\/wp-content\/uploads\/legacy-media\/site\/Okul\/001.jpg\"><img decoding=\"async\" src=\"\/wp-content\/uploads\/legacy-media\/site\/Okul\/001.jpg\" alt=\"Okuldan Kareler\"><\/a><\/figure><figure class=\"media-gallery__item\"><a class=\"media-gallery__link\" href=\"\/wp-content\/uploads\/legacy-media\/site\/Okul\/002.jpg\"><img decoding=\"async\" src=\"\/wp-content\/uploads\/legacy-media\/site\/Okul\/002.jpg\" alt=\"Okuldan Kareler\"><\/a><\/figure><\/div><\/div><\/section>\t\t\t\t<\/div>\n\t\t\t\t<\/div>\n\t\t\t\t<\/div>\n\t\t\t\t<\/div>\n\t\t","protected":false},"excerpt":{"rendered":"<p>Okuldan ve okul \u00e7evresinden g\u00f6r\u00fcnt\u00fcler bu sayfada toplan\u0131r.<\/p>\n","protected":false},"author":1,"featured_media":0,"parent":0,"menu_order":0,"comment_status":"closed","ping_status":"closed","template":"template-elementor.php","meta":{"footnotes":""},"class_list":["post-12","page","type-page","status-publish","hentry"],"_links":{"self":[{"href":"https:\/\/ibo.livingmind.de\/index.php\/wp-json\/wp\/v2\/pages\/12","targetHints":{"allow":["GET"]}}],"collection":[{"href":"https:\/\/ibo.livingmind.de\/index.php\/wp-json\/wp\/v2\/pages"}],"about":[{"href":"https:\/\/ibo.livingmind.de\/index.php\/wp-json\/wp\/v2\/types\/page"}],"author":[{"embeddable":true,"href":"https:\/\/ibo.livingmind.de\/index.php\/wp-json\/wp\/v2\/users\/1"}],"replies":[{"embeddable":true,"href":"https:\/\/ibo.livingmind.de\/index.php\/wp-json\/wp\/v2\/comments?post=12"}],"version-history":[{"count":5,"href":"https:\/\/ibo.livingmind.de\/index.php\/wp-json\/wp\/v2\/pages\/12\/revisions"}],"predecessor-version":[{"id":1202,"href":"https:\/\/ibo.livingmind.de\/index.php\/wp-json\/wp\/v2\/pages\/12\/revisions\/1202"}],"wp:attachment":[{"href":"https:\/\/ibo.livingmind.de\/index.php\/wp-json\/wp\/v2\/media?parent=12"}],"curies":[{"name":"wp","href":"https:\/\/api.w.org\/{rel}","templated":true}]}}