{"id":14,"date":"2026-03-29T18:50:03","date_gmt":"2026-03-29T16:50:03","guid":{"rendered":"http:\/\/192.168.1.44\/ibo\/index.php\/bal\/"},"modified":"2026-03-29T18:50:03","modified_gmt":"2026-03-29T16:50:03","slug":"bal","status":"publish","type":"page","link":"https:\/\/ibo.livingmind.de\/index.php\/bal\/","title":{"rendered":"Bal"},"content":{"rendered":"\t\t<div data-elementor-type=\"wp-page\" data-elementor-id=\"14\" class=\"elementor elementor-14\">\n\t\t\t\t<div class=\"elementor-element elementor-element-0a9349e7 e-con-full e-flex e-con e-parent\" data-id=\"0a9349e7\" data-element_type=\"container\" data-e-type=\"container\">\n\t\t\t\t<div class=\"elementor-element elementor-element-4e7f162e elementor-widget elementor-widget-ibo-page-hero\" data-id=\"4e7f162e\" data-element_type=\"widget\" data-e-type=\"widget\" data-widget_type=\"ibo-page-hero.default\">\n\t\t\t\t<div class=\"elementor-widget-container\">\n\t\t\t\t\t<section class=\"page-hero\"><div class=\"site-shell page-hero__grid\"><div class=\"page-hero__media panel\"><img decoding=\"async\" src=\"\/wp-content\/uploads\/legacy-media\/theme\/images\/Fane.gif\" alt=\"Bal\"><\/div><div class=\"page-hero__panel panel\"><h1>Bal<\/h1><p>Korkut k\u00f6y\u00fc ar\u0131c\u0131l\u0131\u011f\u0131 ile bir zamanlar \u00fcn salm\u0131\u015ft\u0131r.<\/p><\/div><\/div><\/section>\t\t\t\t<\/div>\n\t\t\t\t<\/div>\n\t\t\t\t<div class=\"elementor-element elementor-element-1840ab8f elementor-widget elementor-widget-ibo-localized-copy\" data-id=\"1840ab8f\" data-element_type=\"widget\" data-e-type=\"widget\" data-widget_type=\"ibo-localized-copy.default\">\n\t\t\t\t<div class=\"elementor-widget-container\">\n\t\t\t\t\t<section class=\"site-shell section-block\"><article class=\"panel prose\"><h2>Bal ve Ar\u0131<\/h2><p>Korkut k\u00f6y\u00fc ar\u0131c\u0131l\u0131\u011f\u0131 ile bir zamanlar \u00fcn salm\u0131\u015ft\u0131r. Bal\u0131 \u00e7ok de\u011ferlidir, \u00e7o\u011fu hastal\u0131\u011fa iyi gelir. K\u0131rklar da\u011f\u0131n\u0131n arkas\u0131 Anzer&#8217;dir. Birinci s\u0131n\u0131f Anzer bal\u0131, ikinci s\u0131n\u0131fta Korkut k\u00f6y\u00fc ve Yoncali bal\u0131 gelir.<\/p>\r\n<p>Rahmetli dedem Hac\u0131 \u0130shak Korkut&#8217;un bir zamanlar 300&#8217;e yak\u0131n kara petek, 50&#8217;ye yak\u0131n fenni kovan\u0131 vard\u0131. Yakla\u015f\u0131k 100 teneke bal al\u0131rd\u0131. Yine karde\u015fi Mehmetali Korkut&#8217;un 150&#8217;ye yak\u0131n pete\u011fi ve 20&#8217;ye yak\u0131n fenni kovan\u0131 vard\u0131; 50 teneke bal al\u0131rd\u0131.<\/p>\r\n<p>\u0130la\u00e7 olarak h\u00e2l\u00e2 bulabilirsiniz k\u00f6yde. Resimde de g\u00f6r\u00fcld\u00fc\u011f\u00fc gibi ar\u0131lara kar\u015f\u0131 hi\u00e7bir koruyucu maske veya eldiven kullanmazlard\u0131. \u0130ki karde\u015f de ar\u0131lara kar\u015f\u0131 \u00e7ok merhametli idiler; ar\u0131lar onlara sald\u0131rmazd\u0131. K\u0131saca ar\u0131c\u0131l\u0131\u011f\u0131 iyi bilirlerdi.<\/p>\r\n<p>\u0130ki karde\u015f rahmetli olduktan sonra Korkut&#8217;ta kimsenin o kadar pete\u011fi, ar\u0131s\u0131 ve bal\u0131 olmad\u0131.<\/p>\r\n<p><strong>Kaynak:<\/strong> \u0130brahim Korkut<\/p><\/article><\/section>\t\t\t\t<\/div>\n\t\t\t\t<\/div>\n\t\t\t\t<div class=\"elementor-element elementor-element-abffd05f elementor-widget elementor-widget-ibo-media-gallery\" data-id=\"abffd05f\" data-element_type=\"widget\" data-e-type=\"widget\" data-widget_type=\"ibo-media-gallery.default\">\n\t\t\t\t<div class=\"elementor-widget-container\">\n\t\t\t\t\t<section class=\"site-shell section-block\"><div class=\"panel media-gallery\"><div class=\"media-gallery__header\"><h2>Bal Gorselleri<\/h2><p>Bal sayfasindaki orijinal resimler de metinlerle birlikte eklendi.<\/p><\/div><div class=\"media-gallery__grid media-gallery__grid--grid\"><figure class=\"media-gallery__item\"><a class=\"media-gallery__link\" href=\"\/wp-content\/uploads\/legacy-media\/site\/Bal\/002.jpg\"><img decoding=\"async\" src=\"\/wp-content\/uploads\/legacy-media\/site\/Bal\/002.jpg\" alt=\"Bal Gorselleri\"><\/a><\/figure><figure class=\"media-gallery__item\"><a class=\"media-gallery__link\" href=\"\/wp-content\/uploads\/legacy-media\/site\/Bal\/Ishak.jpg\"><img decoding=\"async\" src=\"\/wp-content\/uploads\/legacy-media\/site\/Bal\/Ishak.jpg\" alt=\"Bal Gorselleri\"><\/a><\/figure><\/div><\/div><\/section>\t\t\t\t<\/div>\n\t\t\t\t<\/div>\n\t\t\t\t<\/div>\n\t\t\t\t<\/div>\n\t\t","protected":false},"excerpt":{"rendered":"<p>Korkut k\u00f6y\u00fc ar\u0131c\u0131l\u0131\u011f\u0131 ile bir zamanlar \u00fcn salm\u0131\u015ft\u0131r.<\/p>\n","protected":false},"author":1,"featured_media":0,"parent":0,"menu_order":0,"comment_status":"closed","ping_status":"closed","template":"template-elementor.php","meta":{"footnotes":""},"class_list":["post-14","page","type-page","status-publish","hentry"],"_links":{"self":[{"href":"https:\/\/ibo.livingmind.de\/index.php\/wp-json\/wp\/v2\/pages\/14","targetHints":{"allow":["GET"]}}],"collection":[{"href":"https:\/\/ibo.livingmind.de\/index.php\/wp-json\/wp\/v2\/pages"}],"about":[{"href":"https:\/\/ibo.livingmind.de\/index.php\/wp-json\/wp\/v2\/types\/page"}],"author":[{"embeddable":true,"href":"https:\/\/ibo.livingmind.de\/index.php\/wp-json\/wp\/v2\/users\/1"}],"replies":[{"embeddable":true,"href":"https:\/\/ibo.livingmind.de\/index.php\/wp-json\/wp\/v2\/comments?post=14"}],"version-history":[{"count":5,"href":"https:\/\/ibo.livingmind.de\/index.php\/wp-json\/wp\/v2\/pages\/14\/revisions"}],"predecessor-version":[{"id":1204,"href":"https:\/\/ibo.livingmind.de\/index.php\/wp-json\/wp\/v2\/pages\/14\/revisions\/1204"}],"wp:attachment":[{"href":"https:\/\/ibo.livingmind.de\/index.php\/wp-json\/wp\/v2\/media?parent=14"}],"curies":[{"name":"wp","href":"https:\/\/api.w.org\/{rel}","templated":true}]}}