{"id":19,"date":"2026-03-29T18:50:03","date_gmt":"2026-03-29T16:50:03","guid":{"rendered":"http:\/\/192.168.1.44\/ibo\/index.php\/teleferik\/"},"modified":"2026-03-29T18:50:03","modified_gmt":"2026-03-29T16:50:03","slug":"teleferik","status":"publish","type":"page","link":"https:\/\/ibo.livingmind.de\/index.php\/teleferik\/","title":{"rendered":"Teleferik"},"content":{"rendered":"\t\t<div data-elementor-type=\"wp-page\" data-elementor-id=\"19\" class=\"elementor elementor-19\">\n\t\t\t\t<div class=\"elementor-element elementor-element-2b9232fc e-con-full e-flex e-con e-parent\" data-id=\"2b9232fc\" data-element_type=\"container\" data-e-type=\"container\">\n\t\t\t\t<div class=\"elementor-element elementor-element-2f0c468c elementor-widget elementor-widget-ibo-page-hero\" data-id=\"2f0c468c\" data-element_type=\"widget\" data-e-type=\"widget\" data-widget_type=\"ibo-page-hero.default\">\n\t\t\t\t<div class=\"elementor-widget-container\">\n\t\t\t\t\t<section class=\"page-hero\"><div class=\"site-shell page-hero__grid\"><div class=\"page-hero__media panel\"><img decoding=\"async\" src=\"\/wp-content\/uploads\/legacy-media\/theme\/images\/Korkut.jpg\" alt=\"Teleferik\"><\/div><div class=\"page-hero__panel panel\"><h1>Teleferik<\/h1><p>Koya\u011f\u0131nba\u015f\u0131ndan Baks\u0131&#039;ya kadar uzanan teleferik fikri bu sayfada anlat\u0131l\u0131r.<\/p><\/div><\/div><\/section>\t\t\t\t<\/div>\n\t\t\t\t<\/div>\n\t\t\t\t<div class=\"elementor-element elementor-element-f5c35722 elementor-widget elementor-widget-ibo-localized-copy\" data-id=\"f5c35722\" data-element_type=\"widget\" data-e-type=\"widget\" data-widget_type=\"ibo-localized-copy.default\">\n\t\t\t\t<div class=\"elementor-widget-container\">\n\t\t\t\t\t<section class=\"site-shell section-block\"><article class=\"panel prose\"><h2>Teleferik Projesi<\/h2><p>Koya\u011f\u0131nba\u015f\u0131ndan Baks\u0131&#8217;ya kadar Teleferik Projesi&#8217;ni y\u0131llar \u00f6nce d\u00fc\u015f\u00fcnm\u00fc\u015ft\u00fcm. K\u0131\u015f\u0131n kayak merkezi, yaz\u0131n teleferik ve yan\u0131 s\u0131ra da\u011fc\u0131l\u0131k m\u00fckemmel olurdu. K\u0131rklar da\u011f\u0131na \u00e7\u0131kmak isteyen ki\u015fi Bahs\u0131&#8217;dan arabas\u0131ndan inip teleferikle Eskik\u00f6y&#8217;e gelir; isterse Eskik\u00f6y&#8217;de otelde kal\u0131r, istedi\u011finde arabayla veya teleferikle geri d\u00f6ner Baks\u0131&#8217;ya.<\/p>\r\n<p>Teleferi\u011fin duraklar\u0131n\u0131 dahi belirlemi\u015ftim: 1. Bozda\u011f\u0131n \u00fcst\u00fc, 2. Kaya\u011f\u0131n \u00fcst\u00fc, 3. Eskik\u00f6y, 4. S\u0131rt\u0131n \u00fcst\u00fc, 5. B\u00fcy\u00fck T\u00fcrmend\u00fcz\u00fc, 6. Cegillinin d\u00fcz\u00fc, 7. Son durak Baks\u0131. Kim bilir, belki bir g\u00fcn ger\u00e7ek olur; g\u00f6rmemiz de belki nasip olur.<\/p><\/article><\/section>\t\t\t\t<\/div>\n\t\t\t\t<\/div>\n\t\t\t\t<div class=\"elementor-element elementor-element-48daa3fb elementor-widget elementor-widget-ibo-media-gallery\" data-id=\"48daa3fb\" data-element_type=\"widget\" data-e-type=\"widget\" data-widget_type=\"ibo-media-gallery.default\">\n\t\t\t\t<div class=\"elementor-widget-container\">\n\t\t\t\t\t<section class=\"site-shell section-block\"><div class=\"panel media-gallery\"><div class=\"media-gallery__header\"><h2>Teleferik Cizimleri<\/h2><p>Teleferik dusuncesini anlatan orijinal gorseller de bu sayfaya eklendi.<\/p><\/div><div class=\"media-gallery__grid media-gallery__grid--stack\"><figure class=\"media-gallery__item\"><a class=\"media-gallery__link\" href=\"\/wp-content\/uploads\/legacy-media\/site\/Teleferik\/001.jpg\"><img decoding=\"async\" src=\"\/wp-content\/uploads\/legacy-media\/site\/Teleferik\/001.jpg\" alt=\"Teleferik Cizimleri\"><\/a><\/figure><figure class=\"media-gallery__item\"><a class=\"media-gallery__link\" href=\"\/wp-content\/uploads\/legacy-media\/site\/Teleferik\/002.jpg\"><img decoding=\"async\" src=\"\/wp-content\/uploads\/legacy-media\/site\/Teleferik\/002.jpg\" alt=\"Teleferik Cizimleri\"><\/a><\/figure><\/div><\/div><\/section>\t\t\t\t<\/div>\n\t\t\t\t<\/div>\n\t\t\t\t<\/div>\n\t\t\t\t<\/div>\n\t\t","protected":false},"excerpt":{"rendered":"<p>Koya\u011f\u0131nba\u015f\u0131ndan Baks\u0131&#8217;ya kadar uzanan teleferik fikri bu sayfada anlat\u0131l\u0131r.<\/p>\n","protected":false},"author":1,"featured_media":0,"parent":0,"menu_order":0,"comment_status":"closed","ping_status":"closed","template":"template-elementor.php","meta":{"footnotes":""},"class_list":["post-19","page","type-page","status-publish","hentry"],"_links":{"self":[{"href":"https:\/\/ibo.livingmind.de\/index.php\/wp-json\/wp\/v2\/pages\/19","targetHints":{"allow":["GET"]}}],"collection":[{"href":"https:\/\/ibo.livingmind.de\/index.php\/wp-json\/wp\/v2\/pages"}],"about":[{"href":"https:\/\/ibo.livingmind.de\/index.php\/wp-json\/wp\/v2\/types\/page"}],"author":[{"embeddable":true,"href":"https:\/\/ibo.livingmind.de\/index.php\/wp-json\/wp\/v2\/users\/1"}],"replies":[{"embeddable":true,"href":"https:\/\/ibo.livingmind.de\/index.php\/wp-json\/wp\/v2\/comments?post=19"}],"version-history":[{"count":5,"href":"https:\/\/ibo.livingmind.de\/index.php\/wp-json\/wp\/v2\/pages\/19\/revisions"}],"predecessor-version":[{"id":1209,"href":"https:\/\/ibo.livingmind.de\/index.php\/wp-json\/wp\/v2\/pages\/19\/revisions\/1209"}],"wp:attachment":[{"href":"https:\/\/ibo.livingmind.de\/index.php\/wp-json\/wp\/v2\/media?parent=19"}],"curies":[{"name":"wp","href":"https:\/\/api.w.org\/{rel}","templated":true}]}}