{"id":23,"date":"2026-03-29T18:50:03","date_gmt":"2026-03-29T16:50:03","guid":{"rendered":"http:\/\/192.168.1.44\/ibo\/index.php\/siir\/"},"modified":"2026-03-29T18:50:03","modified_gmt":"2026-03-29T16:50:03","slug":"siir","status":"publish","type":"page","link":"https:\/\/ibo.livingmind.de\/index.php\/siir\/","title":{"rendered":"Siir"},"content":{"rendered":"\t\t<div data-elementor-type=\"wp-page\" data-elementor-id=\"23\" class=\"elementor elementor-23\">\n\t\t\t\t<div class=\"elementor-element elementor-element-2c5936f9 e-con-full e-flex e-con e-parent\" data-id=\"2c5936f9\" data-element_type=\"container\" data-e-type=\"container\">\n\t\t\t\t<div class=\"elementor-element elementor-element-bd077387 elementor-widget elementor-widget-ibo-page-hero\" data-id=\"bd077387\" data-element_type=\"widget\" data-e-type=\"widget\" data-widget_type=\"ibo-page-hero.default\">\n\t\t\t\t<div class=\"elementor-widget-container\">\n\t\t\t\t\t<section class=\"page-hero\"><div class=\"site-shell page-hero__grid\"><div class=\"page-hero__media panel\"><img decoding=\"async\" src=\"\/wp-content\/uploads\/legacy-media\/theme\/images\/Kor.jpg\" alt=\"Siir\"><\/div><div class=\"page-hero__panel panel\"><h1>Siir<\/h1><p>Benim G\u00fczel K\u00f6y\u00fcm \u015fiiri bu sayfada yer al\u0131r.<\/p><\/div><\/div><\/section>\t\t\t\t<\/div>\n\t\t\t\t<\/div>\n\t\t\t\t<div class=\"elementor-element elementor-element-788735f7 elementor-widget elementor-widget-ibo-localized-copy\" data-id=\"788735f7\" data-element_type=\"widget\" data-e-type=\"widget\" data-widget_type=\"ibo-localized-copy.default\">\n\t\t\t\t<div class=\"elementor-widget-container\">\n\t\t\t\t\t<section class=\"site-shell section-block\"><article class=\"panel prose\"><h2>Benim G\u00fczel K\u00f6y\u00fcm<\/h2><p>Sabah seherinde uyand\u0131m<br>Da\u011f\u0131n ta\u015f\u0131n mis kokuyor<br>Esen r\u00fczgar\u0131n bir ho\u015ftur<br>Estik\u00e7e insan\u0131n y\u00fcz\u00fcn\u00fc ok\u015far<\/p>\r\n<p>Sa\u011f\u0131nda \u00c7\u0131\u011f Pilav da\u011f\u0131<br>Solunda k\u0131r B\u00fcy\u00fckme\u015fe<br>A\u015fa\u011f\u0131nda B\u00fcy\u00fck T\u00fcrmend\u00fcz\u00fc \u00c7egilli<br>Yukar\u0131nda yayla K\u0131rklar<\/p>\r\n<p>Sen ne tuhaf bir k\u00f6ys\u00fcn<br>Seni kimse neden \u00e7\u00f6zemez<br>Her taraf\u0131n bir ba\u015fka bilmece<br>Sen hi\u00e7 bir k\u00f6ye benzemezsin<\/p>\r\n<p>Da\u011flar aras\u0131nda uzun dereler i\u00e7erisinde<br>Kendini \u00f6zleten g\u00fczel k\u00f6y\u00fcm benim<br>Her g\u00f6zende suyun bir ba\u015fkad\u0131r senin<br>Sende do\u011fdum, sende \u00f6lmek isterim<\/p>\r\n<p><strong>\u015eiir:<\/strong> \u0130brahim Korkut<\/p><\/article><\/section>\t\t\t\t<\/div>\n\t\t\t\t<\/div>\n\t\t\t\t<div class=\"elementor-element elementor-element-50ee2dc9 elementor-widget elementor-widget-ibo-media-gallery\" data-id=\"50ee2dc9\" data-element_type=\"widget\" data-e-type=\"widget\" data-widget_type=\"ibo-media-gallery.default\">\n\t\t\t\t<div class=\"elementor-widget-container\">\n\t\t\t\t\t<section class=\"site-shell section-block\"><div class=\"panel media-gallery\"><div class=\"media-gallery__header\"><h2>Siire Dair Gorseller<\/h2><p>Siir sayfasinda kullanilan gorseller burada korunur.<\/p><\/div><div class=\"media-gallery__grid media-gallery__grid--stack\"><figure class=\"media-gallery__item\"><a class=\"media-gallery__link\" href=\"\/wp-content\/uploads\/legacy-media\/site\/Siir\/Bild%20dorf.jpg\"><img decoding=\"async\" src=\"\/wp-content\/uploads\/legacy-media\/site\/Siir\/Bild%20dorf.jpg\" alt=\"Siire Dair Gorseller\"><\/a><\/figure><figure class=\"media-gallery__item\"><a class=\"media-gallery__link\" href=\"\/wp-content\/uploads\/legacy-media\/site\/Siir\/Rose%20.gif\"><img decoding=\"async\" src=\"\/wp-content\/uploads\/legacy-media\/site\/Siir\/Rose%20.gif\" alt=\"Siire Dair Gorseller\"><\/a><\/figure><\/div><\/div><\/section>\t\t\t\t<\/div>\n\t\t\t\t<\/div>\n\t\t\t\t<\/div>\n\t\t\t\t<\/div>\n\t\t","protected":false},"excerpt":{"rendered":"<p>Benim G\u00fczel K\u00f6y\u00fcm \u015fiiri bu sayfada yer al\u0131r.<\/p>\n","protected":false},"author":1,"featured_media":0,"parent":0,"menu_order":0,"comment_status":"closed","ping_status":"closed","template":"template-elementor.php","meta":{"footnotes":""},"class_list":["post-23","page","type-page","status-publish","hentry"],"_links":{"self":[{"href":"https:\/\/ibo.livingmind.de\/index.php\/wp-json\/wp\/v2\/pages\/23","targetHints":{"allow":["GET"]}}],"collection":[{"href":"https:\/\/ibo.livingmind.de\/index.php\/wp-json\/wp\/v2\/pages"}],"about":[{"href":"https:\/\/ibo.livingmind.de\/index.php\/wp-json\/wp\/v2\/types\/page"}],"author":[{"embeddable":true,"href":"https:\/\/ibo.livingmind.de\/index.php\/wp-json\/wp\/v2\/users\/1"}],"replies":[{"embeddable":true,"href":"https:\/\/ibo.livingmind.de\/index.php\/wp-json\/wp\/v2\/comments?post=23"}],"version-history":[{"count":5,"href":"https:\/\/ibo.livingmind.de\/index.php\/wp-json\/wp\/v2\/pages\/23\/revisions"}],"predecessor-version":[{"id":1213,"href":"https:\/\/ibo.livingmind.de\/index.php\/wp-json\/wp\/v2\/pages\/23\/revisions\/1213"}],"wp:attachment":[{"href":"https:\/\/ibo.livingmind.de\/index.php\/wp-json\/wp\/v2\/media?parent=23"}],"curies":[{"name":"wp","href":"https:\/\/api.w.org\/{rel}","templated":true}]}}