{"id":24,"date":"2026-03-29T18:50:03","date_gmt":"2026-03-29T16:50:03","guid":{"rendered":"http:\/\/192.168.1.44\/ibo\/index.php\/radyo\/"},"modified":"2026-03-29T18:50:03","modified_gmt":"2026-03-29T16:50:03","slug":"radyo","status":"publish","type":"page","link":"https:\/\/ibo.livingmind.de\/index.php\/radyo\/","title":{"rendered":"Korkut FM"},"content":{"rendered":"\t\t<div data-elementor-type=\"wp-page\" data-elementor-id=\"24\" class=\"elementor elementor-24\">\n\t\t\t\t<div class=\"elementor-element elementor-element-b776523e e-con-full e-flex e-con e-parent\" data-id=\"b776523e\" data-element_type=\"container\" data-e-type=\"container\">\n\t\t\t\t<div class=\"elementor-element elementor-element-be94f222 elementor-widget elementor-widget-ibo-page-hero\" data-id=\"be94f222\" data-element_type=\"widget\" data-e-type=\"widget\" data-widget_type=\"ibo-page-hero.default\">\n\t\t\t\t<div class=\"elementor-widget-container\">\n\t\t\t\t\t<section class=\"page-hero\"><div class=\"site-shell page-hero__grid\"><div class=\"page-hero__media panel\"><img decoding=\"async\" src=\"\/wp-content\/uploads\/legacy-media\/theme\/images\/Radio.gif\" alt=\"Korkut FM\"><\/div><div class=\"page-hero__panel panel\"><h1>Korkut FM<\/h1><p>Korkut FM i\u00e7in istek \u015fark\u0131 ve t\u00fcrk\u00fclerinizi bu sayfadan duyurabilirsiniz.<\/p><div class=\"page-hero__audio\">    <div class=\"audio-player audio-player--autoplay\" aria-hidden=\"true\">\r\n        <audio id=\"ibo-audio-1eab7807-f19c-4f5d-94c4-6da7c0ccab65\" preload=\"auto\" autoplay playsinline>\r\n            <source src=\"\/wp-content\/uploads\/legacy-media\/theme\/audio\/Korkutfm.mp3\" type=\"audio\/mpeg\">\r\n        <\/audio>\r\n        <script>\r\n            (function () {\r\n                var audio = document.getElementById(\"ibo-audio-1eab7807-f19c-4f5d-94c4-6da7c0ccab65\");\r\n                if (!audio) {\r\n                    return;\r\n                }\r\n\r\n                var attemptPlay = function () {\r\n                    var promise = audio.play();\r\n                    if (promise && typeof promise.catch === 'function') {\r\n                        promise.catch(function () {});\r\n                    }\r\n                };\r\n\r\n                if (document.readyState === 'complete' || document.readyState === 'interactive') {\r\n                    attemptPlay();\r\n                } else {\r\n                    document.addEventListener('DOMContentLoaded', attemptPlay, { once: true });\r\n                }\r\n\r\n                ['pointerdown', 'touchstart', 'keydown'].forEach(function (eventName) {\r\n                    document.addEventListener(eventName, attemptPlay, { once: true, capture: true });\r\n                });\r\n            }());\r\n        <\/script>\r\n    <\/div>\r\n    <\/div><\/div><\/div><\/section>\t\t\t\t<\/div>\n\t\t\t\t<\/div>\n\t\t\t\t<div class=\"elementor-element elementor-element-29430313 elementor-widget elementor-widget-ibo-localized-copy\" data-id=\"29430313\" data-element_type=\"widget\" data-e-type=\"widget\" data-widget_type=\"ibo-localized-copy.default\">\n\t\t\t\t<div class=\"elementor-widget-container\">\n\t\t\t\t\t<section class=\"site-shell section-block\"><article class=\"panel prose\"><h2>Korkut FM<\/h2><p>Korkut FM&#8217;e ho\u015f geldiniz. \u0130stek \u015fark\u0131 ve t\u00fcrk\u00fcleriniz varsa bize yazabilirsiniz; bizler de Korkut FM&#8217;de \u00e7al\u0131p yay\u0131nlayabiliriz.<\/p>\r\n<p>Radyo a\u00e7\u0131lmazsa d\u00f6nen kalbe t\u0131klay\u0131n ve a\u00e7\u0131lan pencereye m\u00fcsaade edin, engellemesin. Tekrar sayfaya geri gelin, tamamd\u0131r.<\/p>\r\n<p>Her hafta sonu canl\u0131 yay\u0131n yapabiliriz. Almanya saati ile 18.00 &#8211; 19.00, T\u00fcrkiye saati ile 19.00 &#8211; 20.00 kadar.<\/p><\/article><\/section>\t\t\t\t<\/div>\n\t\t\t\t<\/div>\n\t\t\t\t<div class=\"elementor-element elementor-element-e9fe5c17 elementor-widget elementor-widget-ibo-localized-copy\" data-id=\"e9fe5c17\" data-element_type=\"widget\" data-e-type=\"widget\" data-widget_type=\"ibo-localized-copy.default\">\n\t\t\t\t<div class=\"elementor-widget-container\">\n\t\t\t\t\t<section class=\"site-shell section-block\"><article class=\"panel prose\"><h2>Yayin Akisi 13.04.2008<\/h2><p>Studio Korkut FM&#8217;de 13.04.2008 tarihinde istek sarkilariyla 19.00 &#8211; 20.00 arasinda canli yayin duyurulmustu.<\/p>\n<p>Program akisinda DJ Ibo ile oyun havalari, DJ Furkan ile cocuklara ayrilan bolum, komedi, mixler, pop muzik, arabesk, halk muzigi, istekler, ilahiler, enstrumental ve sanat muzigi saat saat yer almaktaydi.<\/p><\/article><\/section>\t\t\t\t<\/div>\n\t\t\t\t<\/div>\n\t\t\t\t<div class=\"elementor-element elementor-element-904786d8 elementor-widget elementor-widget-ibo-localized-copy\" data-id=\"904786d8\" data-element_type=\"widget\" data-e-type=\"widget\" data-widget_type=\"ibo-localized-copy.default\">\n\t\t\t\t<div class=\"elementor-widget-container\">\n\t\t\t\t\t<section class=\"site-shell section-block\"><article class=\"panel prose\"><h2>Korkut TV<\/h2><p>Korkut isteyen kendi saziyla sozuyle video clipini gonderebilir. Video clipler Korkut TV bolumunde bir araya getirilmek uzere duyurulmustur.<\/p><\/article><\/section>\t\t\t\t<\/div>\n\t\t\t\t<\/div>\n\t\t\t\t<div class=\"elementor-element elementor-element-e6e39370 elementor-widget elementor-widget-ibo-localized-copy\" data-id=\"e6e39370\" data-element_type=\"widget\" data-e-type=\"widget\" data-widget_type=\"ibo-localized-copy.default\">\n\t\t\t\t<div class=\"elementor-widget-container\">\n\t\t\t\t\t<section class=\"site-shell section-block\"><article class=\"panel prose\"><h2>Canli Sohbet<\/h2><p>Korkut canli live chat bolumunde ziyaretciler hos karsilanir, onerilerini misafir defterine yazmalari istenir ve Korkut FM baglantisi da bu bolumde yer alirdi.<\/p><\/article><\/section>\t\t\t\t<\/div>\n\t\t\t\t<\/div>\n\t\t\t\t<\/div>\n\t\t\t\t<\/div>\n\t\t","protected":false},"excerpt":{"rendered":"<p>Korkut FM i\u00e7in istek \u015fark\u0131 ve t\u00fcrk\u00fclerinizi bu sayfadan duyurabilirsiniz.<\/p>\n","protected":false},"author":1,"featured_media":0,"parent":0,"menu_order":0,"comment_status":"closed","ping_status":"closed","template":"template-elementor.php","meta":{"footnotes":""},"class_list":["post-24","page","type-page","status-publish","hentry"],"_links":{"self":[{"href":"https:\/\/ibo.livingmind.de\/index.php\/wp-json\/wp\/v2\/pages\/24","targetHints":{"allow":["GET"]}}],"collection":[{"href":"https:\/\/ibo.livingmind.de\/index.php\/wp-json\/wp\/v2\/pages"}],"about":[{"href":"https:\/\/ibo.livingmind.de\/index.php\/wp-json\/wp\/v2\/types\/page"}],"author":[{"embeddable":true,"href":"https:\/\/ibo.livingmind.de\/index.php\/wp-json\/wp\/v2\/users\/1"}],"replies":[{"embeddable":true,"href":"https:\/\/ibo.livingmind.de\/index.php\/wp-json\/wp\/v2\/comments?post=24"}],"version-history":[{"count":5,"href":"https:\/\/ibo.livingmind.de\/index.php\/wp-json\/wp\/v2\/pages\/24\/revisions"}],"predecessor-version":[{"id":1214,"href":"https:\/\/ibo.livingmind.de\/index.php\/wp-json\/wp\/v2\/pages\/24\/revisions\/1214"}],"wp:attachment":[{"href":"https:\/\/ibo.livingmind.de\/index.php\/wp-json\/wp\/v2\/media?parent=24"}],"curies":[{"name":"wp","href":"https:\/\/api.w.org\/{rel}","templated":true}]}}