{"id":26,"date":"2026-03-29T18:50:03","date_gmt":"2026-03-29T16:50:03","guid":{"rendered":"http:\/\/192.168.1.44\/ibo\/index.php\/dede-korkut\/"},"modified":"2026-03-29T18:50:03","modified_gmt":"2026-03-29T16:50:03","slug":"dede-korkut","status":"publish","type":"page","link":"https:\/\/ibo.livingmind.de\/index.php\/dede-korkut\/","title":{"rendered":"Dede Korkut"},"content":{"rendered":"\t\t<div data-elementor-type=\"wp-page\" data-elementor-id=\"26\" class=\"elementor elementor-26\">\n\t\t\t\t<div class=\"elementor-element elementor-element-ac75d938 e-con-full e-flex e-con e-parent\" data-id=\"ac75d938\" data-element_type=\"container\" data-e-type=\"container\">\n\t\t\t\t<div class=\"elementor-element elementor-element-a8dbf2ef elementor-widget elementor-widget-ibo-page-hero\" data-id=\"a8dbf2ef\" data-element_type=\"widget\" data-e-type=\"widget\" data-widget_type=\"ibo-page-hero.default\">\n\t\t\t\t<div class=\"elementor-widget-container\">\n\t\t\t\t\t<section class=\"page-hero\"><div class=\"site-shell page-hero__grid\"><div class=\"page-hero__media panel\"><img decoding=\"async\" src=\"\/wp-content\/uploads\/legacy-media\/theme\/images\/ucgen.jpg\" alt=\"Dede Korkut\"><\/div><div class=\"page-hero__panel panel\"><h1>Dede Korkut<\/h1><p>Dede Korkut b\u00fct\u00fcn T\u00fcrk d\u00fcnyas\u0131nda kabul g\u00f6rm\u00fc\u015f ortak ulular\u0131m\u0131zdan biridir.<\/p><\/div><\/div><\/section>\t\t\t\t<\/div>\n\t\t\t\t<\/div>\n\t\t\t\t<div class=\"elementor-element elementor-element-8e4250da elementor-widget elementor-widget-ibo-localized-copy\" data-id=\"8e4250da\" data-element_type=\"widget\" data-e-type=\"widget\" data-widget_type=\"ibo-localized-copy.default\">\n\t\t\t\t<div class=\"elementor-widget-container\">\n\t\t\t\t\t<section class=\"site-shell section-block\"><article class=\"panel prose\"><h2>Dede Korkut<\/h2><p>Dede Korkut, b\u00fct\u00fcn T\u00fcrk d\u00fcnyas\u0131nda kabul g\u00f6rm\u00fc\u015f tarihi ve efsanevi ortak ulular\u0131m\u0131z\u0131n en \u00f6nemlilerindendir. Prof. Dr. M. Fuat K\u00f6pr\u00fcl\u00fc, Dede Korkut i\u00e7in &#8222;Terazinin bir kefesine T\u00fcrk edebiyat\u0131n\u0131n t\u00fcm\u00fcn\u00fc, di\u011fer kefesine de Dede Korkut&#8217;u koysan\u0131z yine de Dede Korkut a\u011f\u0131r basar&#8220; demektedir.<\/p>\r\n<p>Dede Korkut hikayeleri Bayburt&#8217;ta canl\u0131l\u0131\u011f\u0131n\u0131 korumaktad\u0131r. T\u00fcrkiye T\u00fcrk\u00e7esinde anlat\u0131lan hikayelerden Be\u011f B\u00f6\u011frek&#8217;in en \u00e7ok varyant\u0131 Bayburt&#8217;ta tespit edilmi\u015ftir. Hikayelerde Bayburt, &#8222;Parasar\u0131n Bayburt Hisar\u0131&#8220; ad\u0131yla ge\u00e7mektedir. Be\u011f B\u00f6yrek&#8217;in mezar\u0131 Bayburt Kalesindeki Zindan&#8217;\u0131n tam kar\u015f\u0131s\u0131ndaki Duduzar Tepesi&#8217;ndedir. Dede Korkut&#8217;un mezar\u0131 ise Masat k\u00f6y\u00fcndedir.<\/p>\r\n<p>Bu bilgiler Orhan \u015eaik G\u00f6kyay&#8217;\u0131n Dede Korkut \u00e7al\u0131\u015fmas\u0131nda mevcut oldu\u011fu gibi, halk aras\u0131nda da dilden dile anlat\u0131larak g\u00fcn\u00fcm\u00fcze kadar ula\u015fm\u0131\u015ft\u0131r. Valilik, ilimize sosyal, k\u00fclt\u00fcrel, bilimsel, sportif, ticari ve ekonomik canl\u0131l\u0131k kazand\u0131rmak amac\u0131yla bir \u015f\u00f6len d\u00fczenlemeyi planlam\u0131\u015f; \u015f\u00f6lene Orta Asya&#8217;dan Anadolu&#8217;ya g\u00f6\u00e7en Alp Erenlerden biri olan ve b\u00fct\u00fcn T\u00fcrk leh\u00e7elerinde ve co\u011frafyalar\u0131nda tan\u0131nan bu ulu b\u00fcy\u00fc\u011f\u00fcn ad\u0131n\u0131 vermeyi uygun bulmu\u015ftur.<\/p>\r\n<p>1995 y\u0131l\u0131ndan itibaren Dede Korkut K\u00fclt\u00fcr &#8211; Sanat \u015e\u00f6leni d\u00fczenlenmeye ba\u015flanm\u0131\u015ft\u0131r. \u015e\u00f6len T\u00fcrk d\u00fcnyas\u0131nda b\u00fcy\u00fck yank\u0131 bulmu\u015f; Azerbaycan, \u00d6zbekistan, K\u0131rg\u0131zistan, T\u00fcrkmenistan, Balkar-Kara\u00e7ay, Da\u011f\u0131stan, Kazakistan ve ba\u011f\u0131ms\u0131zl\u0131\u011f\u0131n\u0131 ilan eden di\u011fer T\u00fcrk Cumhuriyetlerinden \u00e7ok say\u0131da kat\u0131l\u0131m olmu\u015ftur. T\u00fcrk Cumhuriyetlerinden gelen bilim adamlar\u0131 Dede Korkut ile ilgili tebli\u011fler sunmu\u015f, kendi co\u011frafyalar\u0131ndaki izlerin etkisinden s\u00f6z etmi\u015flerdir.<\/p>\r\n<p>Dede Korkut, T\u00fcrk d\u00fcnyas\u0131n\u0131n ortak birle\u015ftirici ve en b\u00fcy\u00fck ki\u015filerinden biri olarak Bayburt Dede Korkut K\u00fclt\u00fcr &#8211; Sanat \u015e\u00f6leni&#8217;nde an\u0131lmaya ba\u015flad\u0131ktan sonra UNESCO da 1999 y\u0131l\u0131n\u0131 Dede Korkut&#8217;un 1300. y\u0131l\u0131 olarak kabul etmi\u015ftir. \u0130limizde 16 &#8211; 22 Temmuz 2001 tarihleri aras\u0131nda yedincisi d\u00fczenlenen \u015f\u00f6lenlerle birlikte Dede Korkut art\u0131k sadece Bayburt ve T\u00fcrk d\u00fcnyas\u0131 ile s\u0131n\u0131rl\u0131 kalmam\u0131\u015f, b\u00fct\u00fcn d\u00fcnyan\u0131n ortak de\u011feri olarak uluslararas\u0131 bir nitelik kazanm\u0131\u015ft\u0131r.<\/p>\r\n<p><strong>Yaz\u0131 al\u0131nt\u0131:<\/strong> T.C. Bayburt Valili\u011fi<\/p><\/article><\/section>\t\t\t\t<\/div>\n\t\t\t\t<\/div>\n\t\t\t\t<div class=\"elementor-element elementor-element-f3ba3c2c elementor-widget elementor-widget-ibo-media-gallery\" data-id=\"f3ba3c2c\" data-element_type=\"widget\" data-e-type=\"widget\" data-widget_type=\"ibo-media-gallery.default\">\n\t\t\t\t<div class=\"elementor-widget-container\">\n\t\t\t\t\t<section class=\"site-shell section-block\"><div class=\"panel media-gallery\"><div class=\"media-gallery__header\"><h2>Dede Korkut Gorselleri<\/h2><p>Dede Korkut sayfasindaki turbe ve ilgili gorseller burada korunur.<\/p><\/div><div class=\"media-gallery__grid media-gallery__grid--stack\"><figure class=\"media-gallery__item\"><a class=\"media-gallery__link\" href=\"\/wp-content\/uploads\/legacy-media\/site\/Dede\/Dede1.jpg\"><img decoding=\"async\" src=\"\/wp-content\/uploads\/legacy-media\/site\/Dede\/Dede1.jpg\" alt=\"Dede Korkut Gorselleri\"><\/a><\/figure><figure class=\"media-gallery__item\"><a class=\"media-gallery__link\" href=\"\/wp-content\/uploads\/legacy-media\/site\/Dede\/Turbe.jpg\"><img decoding=\"async\" src=\"\/wp-content\/uploads\/legacy-media\/site\/Dede\/Turbe.jpg\" alt=\"Dede Korkut Gorselleri\"><\/a><\/figure><\/div><\/div><\/section>\t\t\t\t<\/div>\n\t\t\t\t<\/div>\n\t\t\t\t<\/div>\n\t\t\t\t<\/div>\n\t\t","protected":false},"excerpt":{"rendered":"<p>Dede Korkut b\u00fct\u00fcn T\u00fcrk d\u00fcnyas\u0131nda kabul g\u00f6rm\u00fc\u015f ortak ulular\u0131m\u0131zdan biridir.<\/p>\n","protected":false},"author":1,"featured_media":0,"parent":0,"menu_order":0,"comment_status":"closed","ping_status":"closed","template":"template-elementor.php","meta":{"footnotes":""},"class_list":["post-26","page","type-page","status-publish","hentry"],"_links":{"self":[{"href":"https:\/\/ibo.livingmind.de\/index.php\/wp-json\/wp\/v2\/pages\/26","targetHints":{"allow":["GET"]}}],"collection":[{"href":"https:\/\/ibo.livingmind.de\/index.php\/wp-json\/wp\/v2\/pages"}],"about":[{"href":"https:\/\/ibo.livingmind.de\/index.php\/wp-json\/wp\/v2\/types\/page"}],"author":[{"embeddable":true,"href":"https:\/\/ibo.livingmind.de\/index.php\/wp-json\/wp\/v2\/users\/1"}],"replies":[{"embeddable":true,"href":"https:\/\/ibo.livingmind.de\/index.php\/wp-json\/wp\/v2\/comments?post=26"}],"version-history":[{"count":5,"href":"https:\/\/ibo.livingmind.de\/index.php\/wp-json\/wp\/v2\/pages\/26\/revisions"}],"predecessor-version":[{"id":1216,"href":"https:\/\/ibo.livingmind.de\/index.php\/wp-json\/wp\/v2\/pages\/26\/revisions\/1216"}],"wp:attachment":[{"href":"https:\/\/ibo.livingmind.de\/index.php\/wp-json\/wp\/v2\/media?parent=26"}],"curies":[{"name":"wp","href":"https:\/\/api.w.org\/{rel}","templated":true}]}}