{"id":8,"date":"2026-03-29T18:50:03","date_gmt":"2026-03-29T16:50:03","guid":{"rendered":"http:\/\/192.168.1.44\/ibo\/index.php\/tarihi\/"},"modified":"2026-03-29T18:50:03","modified_gmt":"2026-03-29T16:50:03","slug":"tarihi","status":"publish","type":"page","link":"https:\/\/ibo.livingmind.de\/index.php\/tarihi\/","title":{"rendered":"Korkut Tarihi"},"content":{"rendered":"\t\t<div data-elementor-type=\"wp-page\" data-elementor-id=\"8\" class=\"elementor elementor-8\">\n\t\t\t\t<div class=\"elementor-element elementor-element-b07f19ce e-con-full e-flex e-con e-parent\" data-id=\"b07f19ce\" data-element_type=\"container\" data-e-type=\"container\">\n\t\t\t\t<div class=\"elementor-element elementor-element-dbaa635a elementor-widget elementor-widget-ibo-page-hero\" data-id=\"dbaa635a\" data-element_type=\"widget\" data-e-type=\"widget\" data-widget_type=\"ibo-page-hero.default\">\n\t\t\t\t<div class=\"elementor-widget-container\">\n\t\t\t\t\t<section class=\"page-hero\"><div class=\"site-shell page-hero__grid\"><div class=\"page-hero__media panel\"><img decoding=\"async\" src=\"\/wp-content\/uploads\/legacy-media\/theme\/images\/001.jpg\" alt=\"Korkut Tarihi\"><\/div><div class=\"page-hero__panel panel\"><h1>Korkut Tarihi<\/h1><p>Uzun seneler \u00f6nce Bayburt&#039;un Malasa k\u00f6y\u00fcnden gelen aileler Korkut&#039;a yerle\u015fmeye karar verir.<\/p><\/div><\/div><\/section>\t\t\t\t<\/div>\n\t\t\t\t<\/div>\n\t\t\t\t<div class=\"elementor-element elementor-element-7ac1f0ba elementor-widget elementor-widget-ibo-localized-copy\" data-id=\"7ac1f0ba\" data-element_type=\"widget\" data-e-type=\"widget\" data-widget_type=\"ibo-localized-copy.default\">\n\t\t\t\t<div class=\"elementor-widget-container\">\n\t\t\t\t\t<section class=\"site-shell section-block\"><article class=\"panel prose\"><h2>Kurulu\u015f Mazisi<\/h2><p>Uzun seneler \u00f6nce, Bayburt&#8217;un Malasa k\u00f6y\u00fcnden soy ismi Korkut olan bir aile aralar\u0131nda karar alarak, ya\u015famlar\u0131n\u0131 daha g\u00fczel ve bereketli bir yerde devam ettirmek \u00fczere yola \u00e7\u0131karlar ve Korkut k\u00f6y\u00fcn\u00fcn \u015fimdi bulundu\u011fu yere gelirler. Buray\u0131 \u00e7ok be\u011fenerek yerle\u015fmeye karar verirler. Daha sonra bu g\u00fczel k\u00f6ye isim olarak kendi soy isimlerini vereceklerdir.<\/p>\r\n<p>Bir s\u00fcre sonra k\u00f6ye bir aile daha gelir ve soy ismi Akg\u00fcl olan bu aile de Korkut&#8217;a yerle\u015fmeye karar verir. Bir m\u00fcddet sonra k\u00f6ye iki aile daha gelir; soy ismi Macit ve \u015eahin olan bu aileler de bu g\u00fczel k\u00f6yde ya\u015famak i\u00e7in oraya yerle\u015firler. Korkut&#8217;ta g\u00fcnler g\u00fczel ge\u00e7mektedir. Gittik\u00e7e n\u00fcfusu artan bu \u015firin k\u00f6ye daha sonralar\u0131 iki aile daha kat\u0131l\u0131r. Soy ismi Yal\u00e7\u0131n ve Tan olan bu iki ailenin de kat\u0131l\u0131m\u0131yla Korkut art\u0131k g\u00fczel bir yerle\u015fim alan\u0131 ve k\u00f6y olmu\u015ftur.<\/p>\r\n<p><strong>Kaynak:<\/strong> K\u00f6y b\u00fcy\u00fckleri<\/p>\r\n<p><strong>Sadece rastlant\u0131 m\u0131, yoksa ger\u00e7ekli\u011fi var m\u0131, bilemiyorum.<\/strong><\/p>\r\n<p>Dede Korkut&#8217;un t\u00fcrbesi ve mezar\u0131 da Bayburt&#8217;ta, Masat k\u00f6y\u00fcndedir. Korkutlar\u0131n ge\u00e7mi\u015fteki soylar\u0131 ve dedeleri Dede Korkut soyundan olabilir mi? E\u011fer do\u011fruysa asl\u0131m\u0131z O\u011fuzlara kadar uzanmaktad\u0131r. O zaman Korkut ailesinin asl\u0131 O\u011fuz T\u00fcrklerinden gelmektedir de denilebilir.<\/p>\r\n<p>Korkut soyu hakk\u0131nda daha detayl\u0131 bilgi almak isteyenler, Bayburt&#8217;un Malasa ve Masat k\u00f6y\u00fcn\u00fc ve Dede Korkut&#8217;u okusunlar. Kimdir, nereden gelmi\u015ftir; ufak bir al\u0131nt\u0131 da onlar i\u00e7in haz\u0131rlanm\u0131\u015ft\u0131r.<\/p><\/article><\/section>\t\t\t\t<\/div>\n\t\t\t\t<\/div>\n\t\t\t\t<div class=\"elementor-element elementor-element-8e83bd79 elementor-widget elementor-widget-ibo-localized-copy\" data-id=\"8e83bd79\" data-element_type=\"widget\" data-e-type=\"widget\" data-widget_type=\"ibo-localized-copy.default\">\n\t\t\t\t<div class=\"elementor-widget-container\">\n\t\t\t\t\t<section class=\"site-shell section-block\"><article class=\"panel prose\"><h2>Asfalt Yol<\/h2><p>Korkutkoy asfalt yolunun koyumuze en yakin gectigi yer Laleli koyudur. Laleli koyunden Korkutkoy&#8217;e uzaklik mesafesi 7,5 km&#8217;dir.<\/p><\/article><\/section>\t\t\t\t<\/div>\n\t\t\t\t<\/div>\n\t\t\t\t<div class=\"elementor-element elementor-element-c5ba9a29 elementor-widget elementor-widget-ibo-localized-copy\" data-id=\"c5ba9a29\" data-element_type=\"widget\" data-e-type=\"widget\" data-widget_type=\"ibo-localized-copy.default\">\n\t\t\t\t<div class=\"elementor-widget-container\">\n\t\t\t\t\t<section class=\"site-shell section-block\"><article class=\"panel prose\"><h2>Icme Suyu<\/h2><p>Sebeke icme suyu projesi icin rahmetli Haci Salih Sahin koylulerden para toplanmasina vesile olmus ve Korkut koyu icme suyunun yapilmasini saglamistir.<\/p>\n<p>Yaklasik bir kilometre uzaklikta Koru&#8217;nun dibinden su alinmis, evlerdeki musluk ve cesme montajlarini da rahmetli Haci Zinnor Korkut yapmistir. Korkutkoy adina kendilerini aniyor ve tesekkur ediyoruz.<\/p><\/article><\/section>\t\t\t\t<\/div>\n\t\t\t\t<\/div>\n\t\t\t\t<div class=\"elementor-element elementor-element-4f8e5953 elementor-widget elementor-widget-ibo-localized-copy\" data-id=\"4f8e5953\" data-element_type=\"widget\" data-e-type=\"widget\" data-widget_type=\"ibo-localized-copy.default\">\n\t\t\t\t<div class=\"elementor-widget-container\">\n\t\t\t\t\t<section class=\"site-shell section-block\"><article class=\"panel prose\"><h2>Toprak Yol<\/h2><p>Haritada sadece Laleli koyunden gelen yol belirtilmistir; koyumuze Guneysu koyunden gelen bir yol daha vardir. Guneysu&#8217;ya uzaklik 6,3 km, Laleli&#8217;ye ise 7,5 km&#8217;dir.<\/p>\n<p>Ikinci yolun acilmasinda, Guneysu&#8217;ya giden yolun yapiminda Bozbek oglu Haci Talip Korkut&#8217;un buyuk yardimlari olmus, yolun acilmasi icin cok gayret gostermistir. Korkutkoy adina kendisini de tesekkurle aniyoruz.<\/p><\/article><\/section>\t\t\t\t<\/div>\n\t\t\t\t<\/div>\n\t\t\t\t<\/div>\n\t\t\t\t<\/div>\n\t\t","protected":false},"excerpt":{"rendered":"<p>Uzun seneler \u00f6nce Bayburt&#8217;un Malasa k\u00f6y\u00fcnden gelen aileler Korkut&#8217;a yerle\u015fmeye karar verir.<\/p>\n","protected":false},"author":1,"featured_media":0,"parent":0,"menu_order":0,"comment_status":"closed","ping_status":"closed","template":"template-elementor.php","meta":{"footnotes":""},"class_list":["post-8","page","type-page","status-publish","hentry"],"_links":{"self":[{"href":"https:\/\/ibo.livingmind.de\/index.php\/wp-json\/wp\/v2\/pages\/8","targetHints":{"allow":["GET"]}}],"collection":[{"href":"https:\/\/ibo.livingmind.de\/index.php\/wp-json\/wp\/v2\/pages"}],"about":[{"href":"https:\/\/ibo.livingmind.de\/index.php\/wp-json\/wp\/v2\/types\/page"}],"author":[{"embeddable":true,"href":"https:\/\/ibo.livingmind.de\/index.php\/wp-json\/wp\/v2\/users\/1"}],"replies":[{"embeddable":true,"href":"https:\/\/ibo.livingmind.de\/index.php\/wp-json\/wp\/v2\/comments?post=8"}],"version-history":[{"count":5,"href":"https:\/\/ibo.livingmind.de\/index.php\/wp-json\/wp\/v2\/pages\/8\/revisions"}],"predecessor-version":[{"id":1198,"href":"https:\/\/ibo.livingmind.de\/index.php\/wp-json\/wp\/v2\/pages\/8\/revisions\/1198"}],"wp:attachment":[{"href":"https:\/\/ibo.livingmind.de\/index.php\/wp-json\/wp\/v2\/media?parent=8"}],"curies":[{"name":"wp","href":"https:\/\/api.w.org\/{rel}","templated":true}]}}