{"id":9,"date":"2026-03-29T18:50:03","date_gmt":"2026-03-29T16:50:03","guid":{"rendered":"http:\/\/192.168.1.44\/ibo\/index.php\/harita\/"},"modified":"2026-03-29T18:50:03","modified_gmt":"2026-03-29T16:50:03","slug":"harita","status":"publish","type":"page","link":"https:\/\/ibo.livingmind.de\/index.php\/harita\/","title":{"rendered":"Harita"},"content":{"rendered":"\t\t<div data-elementor-type=\"wp-page\" data-elementor-id=\"9\" class=\"elementor elementor-9\">\n\t\t\t\t<div class=\"elementor-element elementor-element-2c16f27e e-con-full e-flex e-con e-parent\" data-id=\"2c16f27e\" data-element_type=\"container\" data-e-type=\"container\">\n\t\t\t\t<div class=\"elementor-element elementor-element-2ea9d655 elementor-widget elementor-widget-ibo-page-hero\" data-id=\"2ea9d655\" data-element_type=\"widget\" data-e-type=\"widget\" data-widget_type=\"ibo-page-hero.default\">\n\t\t\t\t<div class=\"elementor-widget-container\">\n\t\t\t\t\t<section class=\"page-hero\"><div class=\"site-shell page-hero__grid\"><div class=\"page-hero__media panel\"><img decoding=\"async\" src=\"\/wp-content\/uploads\/legacy-media\/theme\/images\/002.jpg\" alt=\"Harita\"><\/div><div class=\"page-hero__panel panel\"><h1>Harita<\/h1><p>Korkut k\u00f6y\u00fcn\u00fcn bulundu\u011fu mevkiyi bu sayfada harita \u00fczerinde g\u00f6rmek m\u00fcmk\u00fcnd\u00fcr.<\/p><\/div><\/div><\/section>\t\t\t\t<\/div>\n\t\t\t\t<\/div>\n\t\t\t\t<div class=\"elementor-element elementor-element-9dc6ee7d elementor-widget elementor-widget-ibo-localized-copy\" data-id=\"9dc6ee7d\" data-element_type=\"widget\" data-e-type=\"widget\" data-widget_type=\"ibo-localized-copy.default\">\n\t\t\t\t<div class=\"elementor-widget-container\">\n\t\t\t\t\t<section class=\"site-shell section-block\"><article class=\"panel prose\"><h2>K\u00f6y\u00fcn Bulundu\u011fu Mevki<\/h2><p>K\u00f6y\u00fcm\u00fcz\u00fcn bulundu\u011fu mevkiyi bu sayfada harita \u00fczerinde g\u00f6rmek m\u00fcmk\u00fcnd\u00fcr.<\/p>\r\n<p>Yolu, y\u00f6n\u00fc ve yak\u0131n \u00e7evresi bir bak\u0131\u015fta g\u00f6r\u00fcls\u00fcn diye bu ba\u015fl\u0131k ayr\u0131lm\u0131\u015ft\u0131r.<\/p><\/article><\/section>\t\t\t\t<\/div>\n\t\t\t\t<\/div>\n\t\t\t\t<div class=\"elementor-element elementor-element-0989e06e elementor-widget elementor-widget-ibo-media-gallery\" data-id=\"0989e06e\" data-element_type=\"widget\" data-e-type=\"widget\" data-widget_type=\"ibo-media-gallery.default\">\n\t\t\t\t<div class=\"elementor-widget-container\">\n\t\t\t\t\t<section class=\"site-shell section-block\"><div class=\"panel media-gallery\"><div class=\"media-gallery__header\"><h2>Haritalar<\/h2><p>Eski sayfadaki orijinal harita gorselleri bu bolumde bir araya getirildi.<\/p><\/div><div class=\"media-gallery__grid media-gallery__grid--stack\"><figure class=\"media-gallery__item\"><a class=\"media-gallery__link\" href=\"\/wp-content\/uploads\/legacy-media\/site\/Harita\/001.jpg\"><img decoding=\"async\" src=\"\/wp-content\/uploads\/legacy-media\/site\/Harita\/001.jpg\" alt=\"Haritalar\"><\/a><\/figure><figure class=\"media-gallery__item\"><a class=\"media-gallery__link\" href=\"\/wp-content\/uploads\/legacy-media\/site\/Harita\/002.gif\"><img decoding=\"async\" src=\"\/wp-content\/uploads\/legacy-media\/site\/Harita\/002.gif\" alt=\"Haritalar\"><\/a><\/figure><\/div><\/div><\/section>\t\t\t\t<\/div>\n\t\t\t\t<\/div>\n\t\t\t\t<\/div>\n\t\t\t\t<\/div>\n\t\t","protected":false},"excerpt":{"rendered":"<p>Korkut k\u00f6y\u00fcn\u00fcn bulundu\u011fu mevkiyi bu sayfada harita \u00fczerinde g\u00f6rmek m\u00fcmk\u00fcnd\u00fcr.<\/p>\n","protected":false},"author":1,"featured_media":0,"parent":0,"menu_order":0,"comment_status":"closed","ping_status":"closed","template":"template-elementor.php","meta":{"footnotes":""},"class_list":["post-9","page","type-page","status-publish","hentry"],"_links":{"self":[{"href":"https:\/\/ibo.livingmind.de\/index.php\/wp-json\/wp\/v2\/pages\/9","targetHints":{"allow":["GET"]}}],"collection":[{"href":"https:\/\/ibo.livingmind.de\/index.php\/wp-json\/wp\/v2\/pages"}],"about":[{"href":"https:\/\/ibo.livingmind.de\/index.php\/wp-json\/wp\/v2\/types\/page"}],"author":[{"embeddable":true,"href":"https:\/\/ibo.livingmind.de\/index.php\/wp-json\/wp\/v2\/users\/1"}],"replies":[{"embeddable":true,"href":"https:\/\/ibo.livingmind.de\/index.php\/wp-json\/wp\/v2\/comments?post=9"}],"version-history":[{"count":5,"href":"https:\/\/ibo.livingmind.de\/index.php\/wp-json\/wp\/v2\/pages\/9\/revisions"}],"predecessor-version":[{"id":1199,"href":"https:\/\/ibo.livingmind.de\/index.php\/wp-json\/wp\/v2\/pages\/9\/revisions\/1199"}],"wp:attachment":[{"href":"https:\/\/ibo.livingmind.de\/index.php\/wp-json\/wp\/v2\/media?parent=9"}],"curies":[{"name":"wp","href":"https:\/\/api.w.org\/{rel}","templated":true}]}}